{"id":3510,"date":"2025-11-12T10:31:38","date_gmt":"2025-11-12T09:31:38","guid":{"rendered":"https:\/\/www.melosrestaurant.com\/?post_type=product&#038;p=3510"},"modified":"2025-11-22T20:23:54","modified_gmt":"2025-11-22T19:23:54","slug":"targeta-regal-copia","status":"publish","type":"product","link":"https:\/\/www.melosrestaurant.com\/ca\/producto\/targeta-regal-copia\/","title":{"rendered":"Targeta Regal"},"content":{"rendered":"","protected":false},"excerpt":{"rendered":"<p>En la nostra Targeta Regal pot triar una de les quantitats disponibles o, si ho prefereix, especificar una quantitat diferent.<br \/>\nLa Targeta Regal s&#8217;enviar\u00e0 a la persona i adre\u00e7a de correu que s&#8217;especifiqui en els camps a continuaci\u00f3.<br \/>\nNo oblidi incloure el seu missatge per a ell\/ella!<\/p>\n<p><em>* Les nostres Targetes Regal caduquen 6 mesos despr\u00e9s de la data de compra.<\/em><\/p>\n","protected":false},"featured_media":3664,"template":"","meta":{"_themeisle_gutenberg_block_has_review":false},"product_brand":[],"product_cat":[59],"product_tag":[],"class_list":{"0":"post-3510","1":"product","2":"type-product","3":"status-publish","4":"has-post-thumbnail","6":"product_cat-targetes-regal","8":"first","9":"instock","10":"taxable","11":"shipping-taxable","12":"purchasable","13":"product-type-pw-gift-card","14":"pofo-product-4col"},"_links":{"self":[{"href":"https:\/\/www.melosrestaurant.com\/ca\/wp-json\/wp\/v2\/product\/3510","targetHints":{"allow":["GET"]}}],"collection":[{"href":"https:\/\/www.melosrestaurant.com\/ca\/wp-json\/wp\/v2\/product"}],"about":[{"href":"https:\/\/www.melosrestaurant.com\/ca\/wp-json\/wp\/v2\/types\/product"}],"wp:featuredmedia":[{"embeddable":true,"href":"https:\/\/www.melosrestaurant.com\/ca\/wp-json\/wp\/v2\/media\/3664"}],"wp:attachment":[{"href":"https:\/\/www.melosrestaurant.com\/ca\/wp-json\/wp\/v2\/media?parent=3510"}],"wp:term":[{"taxonomy":"product_brand","embeddable":true,"href":"https:\/\/www.melosrestaurant.com\/ca\/wp-json\/wp\/v2\/product_brand?post=3510"},{"taxonomy":"product_cat","embeddable":true,"href":"https:\/\/www.melosrestaurant.com\/ca\/wp-json\/wp\/v2\/product_cat?post=3510"},{"taxonomy":"product_tag","embeddable":true,"href":"https:\/\/www.melosrestaurant.com\/ca\/wp-json\/wp\/v2\/product_tag?post=3510"}],"curies":[{"name":"wp","href":"https:\/\/api.w.org\/{rel}","templated":true}]}}