{"id":3992,"date":"2026-02-14T13:08:30","date_gmt":"2026-02-14T12:08:30","guid":{"rendered":"https:\/\/www.melosrestaurant.com\/?post_type=product&#038;p=3992"},"modified":"2026-02-17T13:34:22","modified_gmt":"2026-02-17T12:34:22","slug":"experiencia-petit-melos-amb-maridatge-copia","status":"publish","type":"product","link":"https:\/\/www.melosrestaurant.com\/ca\/producto\/experiencia-petit-melos-amb-maridatge-copia\/","title":{"rendered":"EXPERI\u00c8NCIA PETIT MEL\u00d3S AMB MARIDATGE"},"content":{"rendered":"","protected":false},"excerpt":{"rendered":"<p><strong>Inclou:<\/strong><br \/>\nPreu per: 1 persona<br \/>\nValidesa: 180 dies<\/p>\n<p>MEN\u00da PETIT MEL\u00d3S<br \/>\nMARIDATGE DE VINS PETIT MEL\u00d3S<br \/>\nCAF\u00c9 O INFUSI\u00d3<\/p>\n<p><strong>Condicions d&#8217;utilizaci\u00f3:<\/strong><br \/>\n\u2013 Reserva obligat\u00f2ria. Si us plau porti el seu val regal quan vingui.<br \/>\n\u2013 Els nostres vals regal caduquen 6 mesos despr\u00e9s de la data de la compra.<br \/>\n\u2013 El men\u00fa pot variar segons els productes i la oferta de la temporada.<\/p>\n<p><i class=\"extra-info\">El val s&#8217;enviar\u00e0 a la persona i direcci\u00f3 de correu que s&#8217;especifiqui en els camps a continuaci\u00f3. No oblidi incloure el seu missatge per ell\/ella!<\/i><\/p>\n","protected":false},"featured_media":3442,"template":"","meta":{"_themeisle_gutenberg_block_has_review":false},"product_brand":[],"product_cat":[83],"product_tag":[],"class_list":{"0":"post-3992","1":"product","2":"type-product","3":"status-publish","4":"has-post-thumbnail","6":"product_cat-menu-carte-cadeau-ca","8":"first","9":"instock","10":"taxable","11":"shipping-taxable","12":"purchasable","13":"product-type-pw-gift-card","14":"has-default-attributes","15":"pofo-product-4col"},"_links":{"self":[{"href":"https:\/\/www.melosrestaurant.com\/ca\/wp-json\/wp\/v2\/product\/3992","targetHints":{"allow":["GET"]}}],"collection":[{"href":"https:\/\/www.melosrestaurant.com\/ca\/wp-json\/wp\/v2\/product"}],"about":[{"href":"https:\/\/www.melosrestaurant.com\/ca\/wp-json\/wp\/v2\/types\/product"}],"wp:featuredmedia":[{"embeddable":true,"href":"https:\/\/www.melosrestaurant.com\/ca\/wp-json\/wp\/v2\/media\/3442"}],"wp:attachment":[{"href":"https:\/\/www.melosrestaurant.com\/ca\/wp-json\/wp\/v2\/media?parent=3992"}],"wp:term":[{"taxonomy":"product_brand","embeddable":true,"href":"https:\/\/www.melosrestaurant.com\/ca\/wp-json\/wp\/v2\/product_brand?post=3992"},{"taxonomy":"product_cat","embeddable":true,"href":"https:\/\/www.melosrestaurant.com\/ca\/wp-json\/wp\/v2\/product_cat?post=3992"},{"taxonomy":"product_tag","embeddable":true,"href":"https:\/\/www.melosrestaurant.com\/ca\/wp-json\/wp\/v2\/product_tag?post=3992"}],"curies":[{"name":"wp","href":"https:\/\/api.w.org\/{rel}","templated":true}]}}