{"id":1001,"date":"2022-10-03T10:18:28","date_gmt":"2022-10-03T08:18:28","guid":{"rendered":"https:\/\/www.cruixrestaurant.com\/reserva\/"},"modified":"2026-03-23T12:52:30","modified_gmt":"2026-03-23T11:52:30","slug":"reservation","status":"publish","type":"page","link":"https:\/\/www.melosrestaurant.com\/fr\/reservation\/","title":{"rendered":"R\u00e9servation"},"content":{"rendered":"<div class=\"wpb-content-wrapper\"><section class=\"vc_row wpb_row vc_row-fluid   top-space\"><div class=\"wpb_column vc_column_container vc_col-sm-12  col-xs-mobile-fullwidth\"><div class=\"vc_column-inner \"><div class=\"wpb_wrapper\">[vc_custom_heading text=\u00a0\u00bbR\u00c9SERVATION \u00c0 MEL\u00d3S\u00a0\u00bb font_container=\u00a0\u00bbtag:h1|text_align:center\u00a0\u00bb use_theme_fonts=\u00a0\u00bbyes\u00a0\u00bb css=\u00a0\u00bb\u00a0\u00bb el_class=\u00a0\u00bbshow-desktop\u00a0\u00bb][vc_separator color=\u00a0\u00bbcustom\u00a0\u00bb border_width=\u00a0\u00bb2&Prime; el_width=\u00a0\u00bb20&Prime; accent_color=\u00a0\u00bb#802937&Prime; el_class=\u00a0\u00bbshow-desktop\u00a0\u00bb][vc_custom_heading text=\u00a0\u00bbR\u00c9SERVATION \u00c0 MEL\u00d3S\u00a0\u00bb font_container=\u00a0\u00bbtag:h1|text_align:left\u00a0\u00bb use_theme_fonts=\u00a0\u00bbyes\u00a0\u00bb css=\u00a0\u00bb\u00a0\u00bb el_class=\u00a0\u00bbshow-mobile\u00a0\u00bb][vc_separator color=\u00a0\u00bbcustom\u00a0\u00bb align=\u00a0\u00bbalign_left\u00a0\u00bb border_width=\u00a0\u00bb2&Prime; el_width=\u00a0\u00bb30&Prime; accent_color=\u00a0\u00bb#802937&Prime; el_class=\u00a0\u00bbshow-mobile\u00a0\u00bb]<\/div><\/div><\/div><\/section><section id=\"reservation_system_wrapper\" data-vc-full-width=\"true\" data-vc-full-width-init=\"false\" data-vc-stretch-content=\"true\" class=\"vc_row wpb_row vc_row-fluid  vc_custom_1765392832516 pofo-stretch-content vc_row-no-padding\"><div class=\"wpb_column vc_column_container vc_col-sm-12  col-xs-mobile-fullwidth\"><div class=\"vc_column-inner \"><div class=\"wpb_wrapper\">[vc_raw_html css=\u00a0\u00bb\u00a0\u00bb]JTNDaWZyYW1lJTIwc3JjJTNEJTIyaHR0cHMlM0ElMkYlMkZ3aWRnZXQudGhlZm9yay5jb20lMkYzNDVkMWExNi04NTAyLTQ0ZDktODA5NS01M2YxZDEwMGUzYzAlMjIlMjBhbGxvdyUzRCUyMnBheW1lbnQlMjAlMkElMjIlMjBzdHlsZSUzRCUyMndpZHRoJTNBJTIwMTAwJTI1JTNCJTIwbWluLXdpZHRoJTNBJTIwODV2dyUzQiUyMG1pbi1oZWlnaHQlM0ExMDAwcHglM0IlMjBib3JkZXIlM0Fub25lJTNCJTIwb3ZlcmZsb3clM0FzY3JvbGwlM0IlMjIlMjBjbGFzcyUzRCUyMmZvcmtmcmFtZSUyMiUzRSUzQyUyRmlmcmFtZSUzRQ==[\/vc_raw_html]<\/div><\/div><\/div><\/section><div class=\"vc_row-full-width vc_clearfix\"><\/div><section class=\"vc_row wpb_row vc_row-fluid  vc_custom_1706098616839 vc_row-has-fill\"><div class=\"wpb_column vc_column_container vc_col-sm-12  col-xs-mobile-fullwidth\"><div class=\"vc_column-inner \"><div class=\"wpb_wrapper\"><div class=\"last-paragraph-no-margin\"><p><strong>Informations R\u00e9servations<\/strong><\/p>\n<p>Si vous ne trouvez pas la disponibilit\u00e9 souhait\u00e9e, vous pouvez vous inscrire sur notre liste d&rsquo;attente.<\/p>\n<p>Pour les groupes de sept personnes ou plus, ou pour privatiser le restaurant, veuillez nous \u00e9crire \u00e0 melosbcnrestaurant@gmail.com.<\/p>\n<p>Mel\u00f3s propose exclusivement des menus d\u00e9gustation. L&rsquo;\u00e2ge minimum recommand\u00e9 est donc de 14 ans.<\/p>\n<p>Nous ne proposons actuellement pas de menus v\u00e9g\u00e9tariens ou v\u00e9g\u00e9taliens. Si vous avez des restrictions alimentaires, merci de nous en informer \u00e0 l&rsquo;avance afin que nous puissions adapter le menu dans la mesure du possible.<\/p>\n<p>Pour plus d&rsquo;informations, contactez-nous via WhatsApp au +34 638 62 96 81 ou par e-mail \u00e0 melosbcnrestaurant@gmail.com-<\/p>\n<p class=\"p1\"><b>Politique d\u2019Annulation <\/b><\/p>\n<p>Aucun paiement n&rsquo;est effectu\u00e9 lors de la r\u00e9servation. En cas de non-pr\u00e9sentation, d&rsquo;arriv\u00e9e avec plus de 30 minutes de retard ou d&rsquo;annulation moins de 24 heures avant l&rsquo;heure de votre r\u00e9servation, le montant correspondant sera d\u00e9bit\u00e9 de la carte bancaire fournie.<\/p>\n<p>Les annulations effectu\u00e9es plus de 24 heures avant la r\u00e9servation sont gratuites. Pour annuler, cliquez sur \u00ab\u00a0Annuler\u00a0\u00bb dans votre e-mail de confirmation.<\/p>\n<p>En confirmant votre r\u00e9servation, vous obtenez un billet d&rsquo;une valeur de 70\u00a0\u20ac par personne (TVA \u00e0 10\u00a0% incluse). Veuillez \u00e9viter de r\u00e9server pour un nombre de personnes sup\u00e9rieur \u00e0 celui du nombre r\u00e9el de participants, car des frais similaires pourront \u00eatre appliqu\u00e9s en cas de non-pr\u00e9sentation.<\/p>\n<\/div><\/div><\/div><\/div><\/section><section class=\"vc_row wpb_row vc_row-fluid  vc_custom_1773996420785\"><div class=\"wpb_column vc_column_container vc_col-sm-12  col-xs-mobile-fullwidth\"><div class=\"vc_column-inner \"><div class=\"wpb_wrapper\">[vc_empty_space height=\u00a0\u00bb16px\u00a0\u00bb]<\/div><\/div><\/div><\/section><section class=\"vc_row wpb_row vc_row-fluid  vc_custom_1766343038885\"><div class=\"wpb_column vc_column_container vc_col-sm-12  col-xs-mobile-fullwidth\"><div class=\"vc_column-inner \"><div class=\"wpb_wrapper\">[vc_single_image image=\u00a0\u00bb4144&Prime; img_size=\u00a0\u00bbfull\u00a0\u00bb alignment=\u00a0\u00bbcenter\u00a0\u00bb onclick=\u00a0\u00bbcustom_link\u00a0\u00bb img_link_target=\u00a0\u00bb_blank\u00a0\u00bb css=\u00a0\u00bb\u00a0\u00bb link=\u00a0\u00bbhttps:\/\/www.cruixrestaurant.com\/fr\/reservation\/\u00a0\u00bb el_class=\u00a0\u00bbshow-desktop\u00a0\u00bb][vc_single_image image=\u00a0\u00bb4132&Prime; img_size=\u00a0\u00bbfull\u00a0\u00bb alignment=\u00a0\u00bbcenter\u00a0\u00bb onclick=\u00a0\u00bbcustom_link\u00a0\u00bb img_link_target=\u00a0\u00bb_blank\u00a0\u00bb css=\u00a0\u00bb\u00a0\u00bb link=\u00a0\u00bbhttps:\/\/www.cruixrestaurant.com\/fr\/reservation\/\u00a0\u00bb el_class=\u00a0\u00bbshow-mobile\u00a0\u00bb]<\/div><\/div><\/div><\/section><section class=\"vc_row wpb_row vc_row-fluid  vc_custom_1773996420785\"><div class=\"wpb_column vc_column_container vc_col-sm-12  col-xs-mobile-fullwidth\"><div class=\"vc_column-inner \"><div class=\"wpb_wrapper\">[vc_empty_space height=\u00a0\u00bb16px\u00a0\u00bb]<\/div><\/div><\/div><\/section>\n<\/div>","protected":false},"excerpt":{"rendered":"[vc_custom_heading text=\"R\u00c9SERVATION \u00c0 MEL\u00d3S\" font_container=\"tag:h1|text_align:center\" use_theme_fonts=\"yes\" css=\"\" el_class=\"show-desktop\"][vc_separator color=\"custom\" border_width=\"2\" el_width=\"20\" accent_color=\"#802937\" el_class=\"show-desktop\"][vc_custom_heading text=\"R\u00c9SERVATION \u00c0 MEL\u00d3S\" font_container=\"tag:h1|text_align:left\" use_theme_fonts=\"yes\" css=\"\" el_class=\"show-mobile\"][vc_separator color=\"custom\" align=\"align_left\" border_width=\"2\" el_width=\"30\" accent_color=\"#802937\" el_class=\"show-mobile\"][vc_raw_html css=\"\"]JTNDaWZyYW1lJTIwc3JjJTNEJTIyaHR0cHMlM0ElMkYlMkZ3aWRnZXQudGhlZm9yay5jb20lMkYzNDVkMWExNi04NTAyLTQ0ZDktODA5NS01M2YxZDEwMGUzYzAlMjIlMjBhbGxvdyUzRCUyMnBheW1lbnQlMjAlMkElMjIlMjBzdHlsZSUzRCUyMndpZHRoJTNBJTIwMTAwJTI1JTNCJTIwbWluLXdpZHRoJTNBJTIwODV2dyUzQiUyMG1pbi1oZWlnaHQlM0ExMDAwcHglM0IlMjBib3JkZXIlM0Fub25lJTNCJTIwb3ZlcmZsb3clM0FzY3JvbGwlM0IlMjIlMjBjbGFzcyUzRCUyMmZvcmtmcmFtZSUyMiUzRSUzQyUyRmlmcmFtZSUzRQ==[\/vc_raw_html]Informations R\u00e9servations Si vous ne trouvez pas la disponibilit\u00e9 souhait\u00e9e, vous pouvez vous inscrire sur notre liste d'attente. Pour les groupes de sept personnes ou plus, ou pour privatiser le restaurant, veuillez nous \u00e9crire \u00e0 melosbcnrestaurant@gmail.com. Mel\u00f3s propose exclusivement des menus d\u00e9gustation. L'\u00e2ge minimum recommand\u00e9 est donc de 14 ans. Nous ne proposons actuellement pas de menus v\u00e9g\u00e9tariens ou v\u00e9g\u00e9taliens. Si vous avez des restrictions alimentaires, merci de nous en informer \u00e0 l'avance afin que nous puissions adapter le menu dans la mesure du possible. Pour plus d'informations, contactez-nous via WhatsApp au +34 638 62 96 81 ou par e-mail \u00e0 melosbcnrestaurant@gmail.com- Politique d\u2019Annulation Aucun paiement n'est effectu\u00e9 lors de la r\u00e9servation. En cas de non-pr\u00e9sentation, d'arriv\u00e9e avec plus de 30 minutes de retard ou d'annulation moins de 24 heures avant l'heure de votre r\u00e9servation, le montant correspondant sera d\u00e9bit\u00e9 de la carte bancaire fournie. Les annulations effectu\u00e9es plus de 24 heures avant la r\u00e9servation sont gratuites. Pour annuler, cliquez sur \u00ab\u00a0Annuler\u00a0\u00bb dans votre e-mail de confirmation. En confirmant votre r\u00e9servation, vous obtenez un...","protected":false},"author":1,"featured_media":0,"parent":0,"menu_order":0,"comment_status":"closed","ping_status":"closed","template":"","meta":{"_themeisle_gutenberg_block_has_review":false,"footnotes":""},"class_list":["post-1001","page","type-page","status-publish","hentry"],"_links":{"self":[{"href":"https:\/\/www.melosrestaurant.com\/fr\/wp-json\/wp\/v2\/pages\/1001","targetHints":{"allow":["GET"]}}],"collection":[{"href":"https:\/\/www.melosrestaurant.com\/fr\/wp-json\/wp\/v2\/pages"}],"about":[{"href":"https:\/\/www.melosrestaurant.com\/fr\/wp-json\/wp\/v2\/types\/page"}],"author":[{"embeddable":true,"href":"https:\/\/www.melosrestaurant.com\/fr\/wp-json\/wp\/v2\/users\/1"}],"replies":[{"embeddable":true,"href":"https:\/\/www.melosrestaurant.com\/fr\/wp-json\/wp\/v2\/comments?post=1001"}],"version-history":[{"count":30,"href":"https:\/\/www.melosrestaurant.com\/fr\/wp-json\/wp\/v2\/pages\/1001\/revisions"}],"predecessor-version":[{"id":4153,"href":"https:\/\/www.melosrestaurant.com\/fr\/wp-json\/wp\/v2\/pages\/1001\/revisions\/4153"}],"wp:attachment":[{"href":"https:\/\/www.melosrestaurant.com\/fr\/wp-json\/wp\/v2\/media?parent=1001"}],"curies":[{"name":"wp","href":"https:\/\/api.w.org\/{rel}","templated":true}]}}