{"id":1004,"date":"2022-10-07T10:48:18","date_gmt":"2022-10-07T08:48:18","guid":{"rendered":"https:\/\/www.cruixrestaurant.com\/regala\/"},"modified":"2026-03-18T11:53:32","modified_gmt":"2026-03-18T10:53:32","slug":"offrez","status":"publish","type":"page","link":"https:\/\/www.melosrestaurant.com\/fr\/offrez\/","title":{"rendered":"Offrez"},"content":{"rendered":"<div class=\"wpb-content-wrapper\"><section class=\"vc_row wpb_row vc_row-fluid  vc_custom_1766343501171 top-space\"><div class=\"wpb_column vc_column_container vc_col-sm-12  col-xs-mobile-fullwidth\"><div class=\"vc_column-inner \"><div class=\"wpb_wrapper\">[vc_custom_heading text=\u00a0\u00bbOFFREZ UN CADEAU MEL\u00d3S\u00a0\u00bb font_container=\u00a0\u00bbtag:h1|text_align:center\u00a0\u00bb use_theme_fonts=\u00a0\u00bbyes\u00a0\u00bb css=\u00a0\u00bb\u00a0\u00bb el_class=\u00a0\u00bbshow-desktop\u00a0\u00bb][vc_separator color=\u00a0\u00bbcustom\u00a0\u00bb border_width=\u00a0\u00bb2&Prime; el_width=\u00a0\u00bb20&Prime; accent_color=\u00a0\u00bb#802937&Prime; el_class=\u00a0\u00bbshow-desktop\u00a0\u00bb][vc_custom_heading text=\u00a0\u00bbOFFREZ UN CADEAU MEL\u00d3S\u00a0\u00bb font_container=\u00a0\u00bbtag:h1|text_align:left\u00a0\u00bb use_theme_fonts=\u00a0\u00bbyes\u00a0\u00bb css=\u00a0\u00bb\u00a0\u00bb el_class=\u00a0\u00bbshow-mobile\u00a0\u00bb][vc_separator color=\u00a0\u00bbcustom\u00a0\u00bb align=\u00a0\u00bbalign_left\u00a0\u00bb border_width=\u00a0\u00bb2&Prime; el_width=\u00a0\u00bb30&Prime; accent_color=\u00a0\u00bb#802937&Prime; el_class=\u00a0\u00bbshow-mobile\u00a0\u00bb][vc_empty_space height=\u00a0\u00bb48px\u00a0\u00bb][vc_tta_tabs section_title_tag=\u00a0\u00bbh2&Prime; style=\u00a0\u00bbflat\u00a0\u00bb spacing=\u00a0\u00bb20&Prime; gap=\u00a0\u00bb20&Prime; alignment=\u00a0\u00bbcenter\u00a0\u00bb active_section=\u00a0\u00bb1&Prime; no_fill_content_area=\u00a0\u00bbtrue\u00a0\u00bb][vc_tta_section title=\u00a0\u00bbMENU BONS\u00a0\u00bb tab_id=\u00a0\u00bbmenu-bons\u00a0\u00bb]<div class=\"woocommerce columns-4 \"><ul class=\"products columns-4\">\n<li class=\"pofo-product-4col product type-product post-4077 status-publish first instock product_cat-menu-carte-cadeau has-post-thumbnail taxable shipping-taxable purchasable product-type-pw-gift-card has-default-attributes\">\n\t<a href=\"https:\/\/www.melosrestaurant.com\/fr\/producto\/experience-melos-avec-accord-mets-vins-copia\/\" class=\"woocommerce-LoopProduct-link woocommerce-loop-product__link\"><img loading=\"lazy\" decoding=\"async\" width=\"300\" height=\"225\" src=\"https:\/\/www.melosrestaurant.com\/wp-content\/uploads\/2026\/02\/IMG_0329-300x225.jpg\" class=\"attachment-woocommerce_thumbnail size-woocommerce_thumbnail\" alt=\"\" title=\"IMG_0329\" \/><h2 class=\"woocommerce-loop-product__title\">EXP\u00c9RIENCE GRAN MEL\u00d3S AVEC ACCORD METS-VINS<\/h2>\n\t<span class=\"price\"><span class=\"woocommerce-Price-amount amount\"><bdi>220,00&nbsp;<span class=\"woocommerce-Price-currencySymbol\">&euro;<\/span><\/bdi><\/span> <small class=\"woocommerce-price-suffix\">\u00abIVA incluido\u00bb<\/small><\/span>\n<\/a><a href=\"https:\/\/www.melosrestaurant.com\/fr\/producto\/experience-melos-avec-accord-mets-vins-copia\/\" aria-describedby=\"woocommerce_loop_add_to_cart_link_describedby_4077\" data-quantity=\"1\" class=\"button product_type_pw-gift-card add_to_cart_button\" data-product_id=\"4077\" data-product_sku=\"\" aria-label=\"S\u00e9lectionner les options pour &ldquo;EXP\u00c9RIENCE GRAN MEL\u00d3S AVEC ACCORD METS-VINS&rdquo;\" rel=\"nofollow\">S\u00e9lectionnez le montant<\/a>\t<span id=\"woocommerce_loop_add_to_cart_link_describedby_4077\" class=\"screen-reader-text\">\n\t\tCe produit a plusieurs variations. Les options peuvent \u00eatre choisies sur la page du produit\t<\/span>\n<div class=\"pofo-rich-snippet display-none\"><span class=\"entry-title\">EXP\u00c9RIENCE GRAN MEL\u00d3S AVEC ACCORD METS-VINS<\/span><span class=\"author vcard\"><a class=\"url fn n\" href=\"https:\/\/www.melosrestaurant.com\/fr\/author\/admweb\/\">admweb<\/a><\/span><span class=\"published\">14 de f\u00e9vrier de 2026<\/span><time class=\"updated\" datetime=\"2026-02-17T14:16:50+01:00\">17 de f\u00e9vrier de 2026<\/time><\/div><\/li>\n<li class=\"pofo-product-4col product type-product post-4063 status-publish instock product_cat-menu-carte-cadeau has-post-thumbnail taxable shipping-taxable purchasable product-type-pw-gift-card has-default-attributes\">\n\t<a href=\"https:\/\/www.melosrestaurant.com\/fr\/producto\/experience-gran-melos-sans-alcool\/\" class=\"woocommerce-LoopProduct-link woocommerce-loop-product__link\"><img loading=\"lazy\" decoding=\"async\" width=\"300\" height=\"225\" src=\"https:\/\/www.melosrestaurant.com\/wp-content\/uploads\/2025\/11\/WhatsApp-Image-2025-11-24-at-15.07.38-2-1-300x225.jpeg\" class=\"attachment-woocommerce_thumbnail size-woocommerce_thumbnail\" alt=\"\" title=\"WhatsApp Image 2025-11-24 at 15.07.38 (2)\" \/><h2 class=\"woocommerce-loop-product__title\">EXP\u00c9RIENCE GRAN MEL\u00d3S SANS ALCOOL<\/h2>\n\t<span class=\"price\"><span class=\"woocommerce-Price-amount amount\"><bdi>145,00&nbsp;<span class=\"woocommerce-Price-currencySymbol\">&euro;<\/span><\/bdi><\/span> <small class=\"woocommerce-price-suffix\">\u00abIVA incluido\u00bb<\/small><\/span>\n<\/a><a href=\"https:\/\/www.melosrestaurant.com\/fr\/producto\/experience-gran-melos-sans-alcool\/\" aria-describedby=\"woocommerce_loop_add_to_cart_link_describedby_4063\" data-quantity=\"1\" class=\"button product_type_pw-gift-card add_to_cart_button\" data-product_id=\"4063\" data-product_sku=\"\" aria-label=\"S\u00e9lectionner les options pour &ldquo;EXP\u00c9RIENCE GRAN MEL\u00d3S SANS ALCOOL&rdquo;\" rel=\"nofollow\">S\u00e9lectionnez le montant<\/a>\t<span id=\"woocommerce_loop_add_to_cart_link_describedby_4063\" class=\"screen-reader-text\">\n\t\tCe produit a plusieurs variations. Les options peuvent \u00eatre choisies sur la page du produit\t<\/span>\n<div class=\"pofo-rich-snippet display-none\"><span class=\"entry-title\">EXP\u00c9RIENCE GRAN MEL\u00d3S SANS ALCOOL<\/span><span class=\"author vcard\"><a class=\"url fn n\" href=\"https:\/\/www.melosrestaurant.com\/fr\/author\/admweb\/\">admweb<\/a><\/span><span class=\"published\">14 de f\u00e9vrier de 2026<\/span><time class=\"updated\" datetime=\"2026-02-17T13:43:00+01:00\">17 de f\u00e9vrier de 2026<\/time><\/div><\/li>\n<li class=\"pofo-product-4col product type-product post-4020 status-publish instock product_cat-menu-carte-cadeau has-post-thumbnail taxable shipping-taxable purchasable product-type-pw-gift-card has-default-attributes\">\n\t<a href=\"https:\/\/www.melosrestaurant.com\/fr\/producto\/experience-melos-avec-accord-mets-vins-copia-2\/\" class=\"woocommerce-LoopProduct-link woocommerce-loop-product__link\"><img loading=\"lazy\" decoding=\"async\" width=\"300\" height=\"225\" src=\"https:\/\/www.melosrestaurant.com\/wp-content\/uploads\/2025\/11\/WhatsApp-Image-2025-11-24-at-15.07.38-300x225.jpeg\" class=\"attachment-woocommerce_thumbnail size-woocommerce_thumbnail\" alt=\"\" title=\"WhatsApp Image 2025-11-24 at 15.07.38\" \/><h2 class=\"woocommerce-loop-product__title\">EXP\u00c9RIENCE MEL\u00d3S AVEC ACCORD METS-VINS<\/h2>\n\t<span class=\"price\"><span class=\"woocommerce-Price-amount amount\"><bdi>170,00&nbsp;<span class=\"woocommerce-Price-currencySymbol\">&euro;<\/span><\/bdi><\/span> <small class=\"woocommerce-price-suffix\">\u00abIVA incluido\u00bb<\/small><\/span>\n<\/a><a href=\"https:\/\/www.melosrestaurant.com\/fr\/producto\/experience-melos-avec-accord-mets-vins-copia-2\/\" aria-describedby=\"woocommerce_loop_add_to_cart_link_describedby_4020\" data-quantity=\"1\" class=\"button product_type_pw-gift-card add_to_cart_button\" data-product_id=\"4020\" data-product_sku=\"\" aria-label=\"S\u00e9lectionner les options pour &ldquo;EXP\u00c9RIENCE MEL\u00d3S AVEC ACCORD METS-VINS&rdquo;\" rel=\"nofollow\">S\u00e9lectionnez le montant<\/a>\t<span id=\"woocommerce_loop_add_to_cart_link_describedby_4020\" class=\"screen-reader-text\">\n\t\tCe produit a plusieurs variations. Les options peuvent \u00eatre choisies sur la page du produit\t<\/span>\n<div class=\"pofo-rich-snippet display-none\"><span class=\"entry-title\">EXP\u00c9RIENCE MEL\u00d3S AVEC ACCORD METS-VINS<\/span><span class=\"author vcard\"><a class=\"url fn n\" href=\"https:\/\/www.melosrestaurant.com\/fr\/author\/admweb\/\">admweb<\/a><\/span><span class=\"published\">14 de f\u00e9vrier de 2026<\/span><time class=\"updated\" datetime=\"2026-02-17T14:09:24+01:00\">17 de f\u00e9vrier de 2026<\/time><\/div><\/li>\n<li class=\"pofo-product-4col product type-product post-4051 status-publish last instock product_cat-menu-carte-cadeau has-post-thumbnail taxable shipping-taxable purchasable product-type-pw-gift-card has-default-attributes\">\n\t<a href=\"https:\/\/www.melosrestaurant.com\/fr\/producto\/experience-melos-sans-alcool-2\/\" class=\"woocommerce-LoopProduct-link woocommerce-loop-product__link\"><img loading=\"lazy\" decoding=\"async\" width=\"300\" height=\"225\" src=\"https:\/\/www.melosrestaurant.com\/wp-content\/uploads\/2025\/11\/IMG_7104-300x225.jpg\" class=\"attachment-woocommerce_thumbnail size-woocommerce_thumbnail\" alt=\"\" title=\"IMG_7104\" \/><h2 class=\"woocommerce-loop-product__title\">EXP\u00c9RIENCE MEL\u00d3S SANS ALCOOL<\/h2>\n\t<span class=\"price\"><span class=\"woocommerce-Price-amount amount\"><bdi>115,00&nbsp;<span class=\"woocommerce-Price-currencySymbol\">&euro;<\/span><\/bdi><\/span> <small class=\"woocommerce-price-suffix\">\u00abIVA incluido\u00bb<\/small><\/span>\n<\/a><a href=\"https:\/\/www.melosrestaurant.com\/fr\/producto\/experience-melos-sans-alcool-2\/\" aria-describedby=\"woocommerce_loop_add_to_cart_link_describedby_4051\" data-quantity=\"1\" class=\"button product_type_pw-gift-card add_to_cart_button\" data-product_id=\"4051\" data-product_sku=\"\" aria-label=\"S\u00e9lectionner les options pour &ldquo;EXP\u00c9RIENCE MEL\u00d3S SANS ALCOOL&rdquo;\" rel=\"nofollow\">S\u00e9lectionnez le montant<\/a>\t<span id=\"woocommerce_loop_add_to_cart_link_describedby_4051\" class=\"screen-reader-text\">\n\t\tCe produit a plusieurs variations. Les options peuvent \u00eatre choisies sur la page du produit\t<\/span>\n<div class=\"pofo-rich-snippet display-none\"><span class=\"entry-title\">EXP\u00c9RIENCE MEL\u00d3S SANS ALCOOL<\/span><span class=\"author vcard\"><a class=\"url fn n\" href=\"https:\/\/www.melosrestaurant.com\/fr\/author\/admweb\/\">admweb<\/a><\/span><span class=\"published\">14 de f\u00e9vrier de 2026<\/span><time class=\"updated\" datetime=\"2026-02-17T13:32:11+01:00\">17 de f\u00e9vrier de 2026<\/time><\/div><\/li>\n<li class=\"pofo-product-4col product type-product post-3990 status-publish first instock product_cat-menu-carte-cadeau has-post-thumbnail taxable shipping-taxable purchasable product-type-pw-gift-card has-default-attributes\">\n\t<a href=\"https:\/\/www.melosrestaurant.com\/fr\/producto\/experience-petit-melos-avec-accord-mets-vins-copia\/\" class=\"woocommerce-LoopProduct-link woocommerce-loop-product__link\"><img loading=\"lazy\" decoding=\"async\" width=\"300\" height=\"225\" src=\"https:\/\/www.melosrestaurant.com\/wp-content\/uploads\/2023\/12\/IMG_6461-2-300x225.jpg\" class=\"attachment-woocommerce_thumbnail size-woocommerce_thumbnail\" alt=\"\" title=\"Mel\u00f3s Restaurant - Miquel Pardo\" \/><h2 class=\"woocommerce-loop-product__title\">EXP\u00c9RIENCE PETIT MEL\u00d3S AVEC ACCORD METS-VINS<\/h2>\n\t<span class=\"price\"><span class=\"woocommerce-Price-amount amount\"><bdi>130,00&nbsp;<span class=\"woocommerce-Price-currencySymbol\">&euro;<\/span><\/bdi><\/span> <small class=\"woocommerce-price-suffix\">\u00abIVA incluido\u00bb<\/small><\/span>\n<\/a><a href=\"https:\/\/www.melosrestaurant.com\/fr\/producto\/experience-petit-melos-avec-accord-mets-vins-copia\/\" aria-describedby=\"woocommerce_loop_add_to_cart_link_describedby_3990\" data-quantity=\"1\" class=\"button product_type_pw-gift-card add_to_cart_button\" data-product_id=\"3990\" data-product_sku=\"\" aria-label=\"S\u00e9lectionner les options pour &ldquo;EXP\u00c9RIENCE PETIT MEL\u00d3S AVEC ACCORD METS-VINS&rdquo;\" rel=\"nofollow\">S\u00e9lectionnez le montant<\/a>\t<span id=\"woocommerce_loop_add_to_cart_link_describedby_3990\" class=\"screen-reader-text\">\n\t\tCe produit a plusieurs variations. Les options peuvent \u00eatre choisies sur la page du produit\t<\/span>\n<div class=\"pofo-rich-snippet display-none\"><span class=\"entry-title\">EXP\u00c9RIENCE PETIT MEL\u00d3S AVEC ACCORD METS-VINS<\/span><span class=\"author vcard\"><a class=\"url fn n\" href=\"https:\/\/www.melosrestaurant.com\/fr\/author\/admweb\/\">admweb<\/a><\/span><span class=\"published\">14 de f\u00e9vrier de 2026<\/span><time class=\"updated\" datetime=\"2026-02-17T13:34:05+01:00\">17 de f\u00e9vrier de 2026<\/time><\/div><\/li>\n<li class=\"pofo-product-4col product type-product post-4015 status-publish instock product_cat-menu-carte-cadeau has-post-thumbnail taxable shipping-taxable purchasable product-type-pw-gift-card\">\n\t<a href=\"https:\/\/www.melosrestaurant.com\/fr\/producto\/experience-petit-melos-sans-alcool-2\/\" class=\"woocommerce-LoopProduct-link woocommerce-loop-product__link\"><img loading=\"lazy\" decoding=\"async\" width=\"300\" height=\"225\" src=\"https:\/\/www.melosrestaurant.com\/wp-content\/uploads\/2025\/11\/IMG_7183-300x225.jpg\" class=\"attachment-woocommerce_thumbnail size-woocommerce_thumbnail\" alt=\"\" title=\"IMG_7183\" \/><h2 class=\"woocommerce-loop-product__title\">EXPERIENCE PETIT MEL\u00d3S SANS ALCOOL<\/h2>\n\t<span class=\"price\"><span class=\"woocommerce-Price-amount amount\"><bdi>95,00&nbsp;<span class=\"woocommerce-Price-currencySymbol\">&euro;<\/span><\/bdi><\/span> <small class=\"woocommerce-price-suffix\">\u00abIVA incluido\u00bb<\/small><\/span>\n<\/a><a href=\"https:\/\/www.melosrestaurant.com\/fr\/producto\/experience-petit-melos-sans-alcool-2\/\" aria-describedby=\"woocommerce_loop_add_to_cart_link_describedby_4015\" data-quantity=\"1\" class=\"button product_type_pw-gift-card add_to_cart_button\" data-product_id=\"4015\" data-product_sku=\"\" aria-label=\"S\u00e9lectionner les options pour &ldquo;EXPERIENCE PETIT MEL\u00d3S SANS ALCOOL&rdquo;\" rel=\"nofollow\">S\u00e9lectionnez le montant<\/a>\t<span id=\"woocommerce_loop_add_to_cart_link_describedby_4015\" class=\"screen-reader-text\">\n\t\tCe produit a plusieurs variations. Les options peuvent \u00eatre choisies sur la page du produit\t<\/span>\n<div class=\"pofo-rich-snippet display-none\"><span class=\"entry-title\">EXPERIENCE PETIT MEL\u00d3S SANS ALCOOL<\/span><span class=\"author vcard\"><a class=\"url fn n\" href=\"https:\/\/www.melosrestaurant.com\/fr\/author\/admweb\/\">admweb<\/a><\/span><span class=\"published\">14 de f\u00e9vrier de 2026<\/span><time class=\"updated\" datetime=\"2026-02-17T13:40:24+01:00\">17 de f\u00e9vrier de 2026<\/time><\/div><\/li>\n<\/ul>\n<\/div>[\/vc_tta_section][vc_tta_section title=\u00a0\u00bbBONS CADEAUX\u00a0\u00bb tab_id=\u00a0\u00bbbons-cadeaux\u00a0\u00bb]<div class=\"woocommerce columns-4 \"><ul class=\"products columns-4\">\n<li class=\"pofo-product-4col product type-product post-3639 status-publish first instock product_cat-carte-cadeau-fr has-post-thumbnail taxable shipping-taxable purchasable product-type-pw-gift-card\">\n\t<a href=\"https:\/\/www.melosrestaurant.com\/fr\/producto\/carte-cadeau\/\" class=\"woocommerce-LoopProduct-link woocommerce-loop-product__link\"><img loading=\"lazy\" decoding=\"async\" width=\"300\" height=\"225\" src=\"https:\/\/www.melosrestaurant.com\/wp-content\/uploads\/2025\/11\/Melos_restaurant_04-300x225.png\" class=\"attachment-woocommerce_thumbnail size-woocommerce_thumbnail\" alt=\"\" srcset=\"https:\/\/www.melosrestaurant.com\/wp-content\/uploads\/2025\/11\/Melos_restaurant_04-300x225.png 300w, https:\/\/www.melosrestaurant.com\/wp-content\/uploads\/2025\/11\/Melos_restaurant_04-1024x768.png 1024w, https:\/\/www.melosrestaurant.com\/wp-content\/uploads\/2025\/11\/Melos_restaurant_04-768x576.png 768w, https:\/\/www.melosrestaurant.com\/wp-content\/uploads\/2025\/11\/Melos_restaurant_04-1028x771.png 1028w, https:\/\/www.melosrestaurant.com\/wp-content\/uploads\/2025\/11\/Melos_restaurant_04-120x90.png 120w, https:\/\/www.melosrestaurant.com\/wp-content\/uploads\/2025\/11\/Melos_restaurant_04-81x61.png 81w, https:\/\/www.melosrestaurant.com\/wp-content\/uploads\/2025\/11\/Melos_restaurant_04-600x450.png 600w, https:\/\/www.melosrestaurant.com\/wp-content\/uploads\/2025\/11\/Melos_restaurant_04.png 1200w\" sizes=\"auto, (max-width: 300px) 100vw, 300px\" title=\"Mel\u00f3s Restaurant - Miquel Pardo\" \/><h2 class=\"woocommerce-loop-product__title\">Carte Cadeau<\/h2>\n\t<span class=\"price\"><span class=\"woocommerce-Price-amount amount\" aria-hidden=\"true\"><bdi>50,00&nbsp;<span class=\"woocommerce-Price-currencySymbol\">&euro;<\/span><\/bdi><\/span> <span aria-hidden=\"true\">\u00a0\u2013\u00a0<\/span> <span class=\"woocommerce-Price-amount amount\" aria-hidden=\"true\"><bdi>500,00&nbsp;<span class=\"woocommerce-Price-currencySymbol\">&euro;<\/span><\/bdi><\/span><span class=\"screen-reader-text\">Plage de prix\u00a0: 50,00&nbsp;&euro; \u00e0 500,00&nbsp;&euro;<\/span> <small class=\"woocommerce-price-suffix\">\u00abIVA incluido\u00bb<\/small><\/span>\n<\/a><a href=\"https:\/\/www.melosrestaurant.com\/fr\/producto\/carte-cadeau\/\" aria-describedby=\"woocommerce_loop_add_to_cart_link_describedby_3639\" data-quantity=\"1\" class=\"button product_type_pw-gift-card add_to_cart_button\" data-product_id=\"3639\" data-product_sku=\"\" aria-label=\"S\u00e9lectionner les options pour &ldquo;Carte Cadeau&rdquo;\" rel=\"nofollow\">S\u00e9lectionnez le montant<\/a>\t<span id=\"woocommerce_loop_add_to_cart_link_describedby_3639\" class=\"screen-reader-text\">\n\t\tCe produit a plusieurs variations. Les options peuvent \u00eatre choisies sur la page du produit\t<\/span>\n<div class=\"pofo-rich-snippet display-none\"><span class=\"entry-title\">Carte Cadeau<\/span><span class=\"author vcard\"><a class=\"url fn n\" href=\"https:\/\/www.melosrestaurant.com\/fr\/author\/admweb\/\">admweb<\/a><\/span><span class=\"published\">12 de novembre de 2025<\/span><time class=\"updated\" datetime=\"2025-11-22T20:22:27+01:00\">22 de novembre de 2025<\/time><\/div><\/li>\n<\/ul>\n<\/div>[\/vc_tta_section][\/vc_tta_tabs]<\/div><\/div><\/div><\/section><section class=\"vc_row wpb_row vc_row-fluid  vc_custom_1766343038885\"><div class=\"wpb_column vc_column_container vc_col-sm-12  col-xs-mobile-fullwidth\"><div class=\"vc_column-inner \"><div class=\"wpb_wrapper\">[vc_single_image image=\u00a0\u00bb3892&Prime; img_size=\u00a0\u00bbfull\u00a0\u00bb alignment=\u00a0\u00bbcenter\u00a0\u00bb onclick=\u00a0\u00bbcustom_link\u00a0\u00bb img_link_target=\u00a0\u00bb_blank\u00a0\u00bb css=\u00a0\u00bb\u00a0\u00bb link=\u00a0\u00bbhttps:\/\/www.cruixrestaurant.com\/fr\/offrez\/\u00a0\u00bb el_class=\u00a0\u00bbshow-desktop\u00a0\u00bb][vc_single_image image=\u00a0\u00bb3905&Prime; img_size=\u00a0\u00bbfull\u00a0\u00bb alignment=\u00a0\u00bbcenter\u00a0\u00bb onclick=\u00a0\u00bbcustom_link\u00a0\u00bb img_link_target=\u00a0\u00bb_blank\u00a0\u00bb css=\u00a0\u00bb\u00a0\u00bb link=\u00a0\u00bbhttps:\/\/www.cruixrestaurant.com\/fr\/offrez\/\u00a0\u00bb el_class=\u00a0\u00bbshow-mobile\u00a0\u00bb][vc_empty_space]<\/div><\/div><\/div><\/section>\n<\/div>","protected":false},"excerpt":{"rendered":"[vc_custom_heading text=\"OFFREZ UN CADEAU MEL\u00d3S\" font_container=\"tag:h1|text_align:center\" use_theme_fonts=\"yes\" css=\"\" el_class=\"show-desktop\"][vc_separator color=\"custom\" border_width=\"2\" el_width=\"20\" accent_color=\"#802937\" el_class=\"show-desktop\"][vc_custom_heading text=\"OFFREZ UN CADEAU MEL\u00d3S\" font_container=\"tag:h1|text_align:left\" use_theme_fonts=\"yes\" css=\"\" el_class=\"show-mobile\"][vc_separator color=\"custom\" align=\"align_left\" border_width=\"2\" el_width=\"30\" accent_color=\"#802937\" el_class=\"show-mobile\"][vc_empty_space height=\"48px\"][vc_tta_tabs section_title_tag=\"h2\" style=\"flat\" spacing=\"20\" gap=\"20\" alignment=\"center\" active_section=\"1\" no_fill_content_area=\"true\"][vc_tta_section title=\"MENU BONS\" tab_id=\"menu-bons\"] EXP\u00c9RIENCE GRAN MEL\u00d3S AVEC ACCORD METS-VINS 220,00&nbsp;&euro; \u00abIVA incluido\u00bb S\u00e9lectionnez le montant Ce produit a plusieurs variations. Les options peuvent \u00eatre choisies sur la page du produit EXP\u00c9RIENCE GRAN MEL\u00d3S AVEC ACCORD METS-VINSadmweb14 de f\u00e9vrier de 202617 de f\u00e9vrier de 2026 EXP\u00c9RIENCE GRAN MEL\u00d3S SANS ALCOOL 145,00&nbsp;&euro; \u00abIVA incluido\u00bb S\u00e9lectionnez le montant Ce produit a plusieurs variations. Les options peuvent \u00eatre choisies sur la page du produit EXP\u00c9RIENCE GRAN MEL\u00d3S SANS ALCOOLadmweb14 de f\u00e9vrier de 202617 de f\u00e9vrier de 2026 EXP\u00c9RIENCE MEL\u00d3S AVEC ACCORD METS-VINS 170,00&nbsp;&euro; \u00abIVA incluido\u00bb S\u00e9lectionnez le montant Ce produit a plusieurs variations. Les options peuvent \u00eatre choisies sur la page du produit EXP\u00c9RIENCE MEL\u00d3S AVEC ACCORD METS-VINSadmweb14 de f\u00e9vrier de 202617 de f\u00e9vrier de 2026 EXP\u00c9RIENCE MEL\u00d3S SANS ALCOOL 115,00&nbsp;&euro; \u00abIVA incluido\u00bb S\u00e9lectionnez le montant Ce produit a plusieurs variations. Les options peuvent \u00eatre choisies sur la page du produit EXP\u00c9RIENCE MEL\u00d3S SANS ALCOOLadmweb14 de f\u00e9vrier de 202617 de f\u00e9vrier de 2026 EXP\u00c9RIENCE PETIT MEL\u00d3S AVEC ACCORD...","protected":false},"author":1,"featured_media":0,"parent":0,"menu_order":0,"comment_status":"closed","ping_status":"closed","template":"","meta":{"_themeisle_gutenberg_block_has_review":false,"footnotes":""},"class_list":["post-1004","page","type-page","status-publish","hentry"],"_links":{"self":[{"href":"https:\/\/www.melosrestaurant.com\/fr\/wp-json\/wp\/v2\/pages\/1004","targetHints":{"allow":["GET"]}}],"collection":[{"href":"https:\/\/www.melosrestaurant.com\/fr\/wp-json\/wp\/v2\/pages"}],"about":[{"href":"https:\/\/www.melosrestaurant.com\/fr\/wp-json\/wp\/v2\/types\/page"}],"author":[{"embeddable":true,"href":"https:\/\/www.melosrestaurant.com\/fr\/wp-json\/wp\/v2\/users\/1"}],"replies":[{"embeddable":true,"href":"https:\/\/www.melosrestaurant.com\/fr\/wp-json\/wp\/v2\/comments?post=1004"}],"version-history":[{"count":14,"href":"https:\/\/www.melosrestaurant.com\/fr\/wp-json\/wp\/v2\/pages\/1004\/revisions"}],"predecessor-version":[{"id":4112,"href":"https:\/\/www.melosrestaurant.com\/fr\/wp-json\/wp\/v2\/pages\/1004\/revisions\/4112"}],"wp:attachment":[{"href":"https:\/\/www.melosrestaurant.com\/fr\/wp-json\/wp\/v2\/media?parent=1004"}],"curies":[{"name":"wp","href":"https:\/\/api.w.org\/{rel}","templated":true}]}}