{"id":3639,"date":"2025-11-12T10:31:38","date_gmt":"2025-11-12T09:31:38","guid":{"rendered":"https:\/\/www.melosrestaurant.com\/producto\/targeta-regal-copia\/"},"modified":"2025-11-22T20:22:27","modified_gmt":"2025-11-22T19:22:27","slug":"carte-cadeau","status":"publish","type":"product","link":"https:\/\/www.melosrestaurant.com\/fr\/producto\/carte-cadeau\/","title":{"rendered":"Carte Cadeau"},"content":{"rendered":"","protected":false},"excerpt":{"rendered":"<p>Le bon sera envoy\u00e9 \u00e0 la personne et \u00e0 l&rsquo;adresse courriel indiqu\u00e9es ci-dessous. N&rsquo;oubliez pas d&rsquo;y joindre votre message !<\/p>\n<p><small><em>* Nos cartes-cadeaux experient 6 mois apr\u00e8s la date d&rsquo;achat.<\/em><\/small><\/p>\n","protected":false},"featured_media":3663,"template":"","meta":{"_themeisle_gutenberg_block_has_review":false},"product_brand":[],"product_cat":[57],"product_tag":[],"class_list":{"0":"post-3639","1":"product","2":"type-product","3":"status-publish","4":"has-post-thumbnail","6":"product_cat-carte-cadeau-fr","8":"first","9":"instock","10":"taxable","11":"shipping-taxable","12":"purchasable","13":"product-type-pw-gift-card","14":"pofo-product-4col"},"_links":{"self":[{"href":"https:\/\/www.melosrestaurant.com\/fr\/wp-json\/wp\/v2\/product\/3639","targetHints":{"allow":["GET"]}}],"collection":[{"href":"https:\/\/www.melosrestaurant.com\/fr\/wp-json\/wp\/v2\/product"}],"about":[{"href":"https:\/\/www.melosrestaurant.com\/fr\/wp-json\/wp\/v2\/types\/product"}],"wp:featuredmedia":[{"embeddable":true,"href":"https:\/\/www.melosrestaurant.com\/fr\/wp-json\/wp\/v2\/media\/3663"}],"wp:attachment":[{"href":"https:\/\/www.melosrestaurant.com\/fr\/wp-json\/wp\/v2\/media?parent=3639"}],"wp:term":[{"taxonomy":"product_brand","embeddable":true,"href":"https:\/\/www.melosrestaurant.com\/fr\/wp-json\/wp\/v2\/product_brand?post=3639"},{"taxonomy":"product_cat","embeddable":true,"href":"https:\/\/www.melosrestaurant.com\/fr\/wp-json\/wp\/v2\/product_cat?post=3639"},{"taxonomy":"product_tag","embeddable":true,"href":"https:\/\/www.melosrestaurant.com\/fr\/wp-json\/wp\/v2\/product_tag?post=3639"}],"curies":[{"name":"wp","href":"https:\/\/api.w.org\/{rel}","templated":true}]}}