{"id":4077,"date":"2026-02-14T16:17:07","date_gmt":"2026-02-14T15:17:07","guid":{"rendered":"https:\/\/www.melosrestaurant.com\/?post_type=product&#038;p=4077"},"modified":"2026-02-17T14:16:50","modified_gmt":"2026-02-17T13:16:50","slug":"experience-melos-avec-accord-mets-vins-copia","status":"publish","type":"product","link":"https:\/\/www.melosrestaurant.com\/fr\/producto\/experience-melos-avec-accord-mets-vins-copia\/","title":{"rendered":"EXP\u00c9RIENCE GRAN MEL\u00d3S AVEC ACCORD METS-VINS"},"content":{"rendered":"","protected":false},"excerpt":{"rendered":"<p><strong>Include<\/strong><br \/>\nPrix: per 1 personne<br \/>\nValidit\u00e9: 180 jours<\/p>\n<p>MENU GRAN MEL\u00d3S<br \/>\nACCORD METS-VINS GRAN MEL\u00d3S<br \/>\nCAF\u00c9 OU TH\u00c9<\/p>\n<p><b>Conditions d&rsquo;utilisasion<\/b><\/p>\n<p>\u2013 La r\u00e9servation est obligatoire. Veuillez apporter votre carte cadeau lors de votre visite.<br \/>\n\u2013 Nos cartes-cadeaux expirent 6 mois apr\u00e8s la date d&rsquo;achat.<br \/>\n\u2013 Le menu peut varier en fonction de la saison et des produits du march\u00e9.<\/p>\n<p><i class=\"extra-info\">La carte-cadeau sera envoy\u00e9e \u00e0 la personne et \u00e0 l&rsquo;adresse postale indiqu\u00e9es dans les \u00e9tapes suivantes. N&rsquo;oubliez pas d&rsquo;y joindre un petit message!<\/i><\/p>\n","protected":false},"featured_media":4095,"template":"","meta":{"_themeisle_gutenberg_block_has_review":false},"product_brand":[],"product_cat":[77],"product_tag":[],"class_list":{"0":"post-4077","1":"product","2":"type-product","3":"status-publish","4":"has-post-thumbnail","6":"product_cat-menu-carte-cadeau","8":"first","9":"instock","10":"taxable","11":"shipping-taxable","12":"purchasable","13":"product-type-pw-gift-card","14":"has-default-attributes","15":"pofo-product-4col"},"_links":{"self":[{"href":"https:\/\/www.melosrestaurant.com\/fr\/wp-json\/wp\/v2\/product\/4077","targetHints":{"allow":["GET"]}}],"collection":[{"href":"https:\/\/www.melosrestaurant.com\/fr\/wp-json\/wp\/v2\/product"}],"about":[{"href":"https:\/\/www.melosrestaurant.com\/fr\/wp-json\/wp\/v2\/types\/product"}],"wp:featuredmedia":[{"embeddable":true,"href":"https:\/\/www.melosrestaurant.com\/fr\/wp-json\/wp\/v2\/media\/4095"}],"wp:attachment":[{"href":"https:\/\/www.melosrestaurant.com\/fr\/wp-json\/wp\/v2\/media?parent=4077"}],"wp:term":[{"taxonomy":"product_brand","embeddable":true,"href":"https:\/\/www.melosrestaurant.com\/fr\/wp-json\/wp\/v2\/product_brand?post=4077"},{"taxonomy":"product_cat","embeddable":true,"href":"https:\/\/www.melosrestaurant.com\/fr\/wp-json\/wp\/v2\/product_cat?post=4077"},{"taxonomy":"product_tag","embeddable":true,"href":"https:\/\/www.melosrestaurant.com\/fr\/wp-json\/wp\/v2\/product_tag?post=4077"}],"curies":[{"name":"wp","href":"https:\/\/api.w.org\/{rel}","templated":true}]}}